{"id":424,"date":"2024-09-13T08:34:18","date_gmt":"2024-09-13T06:34:18","guid":{"rendered":"https:\/\/jupiterx.artbees.net\/environmental-ngo\/?page_id=424"},"modified":"2024-09-13T13:30:18","modified_gmt":"2024-09-13T11:30:18","slug":"polityka-prywatnosci","status":"publish","type":"page","link":"http:\/\/ogrodowe.wieliczka.eu\/index.php\/polityka-prywatnosci\/","title":{"rendered":"Polityka Prywatno\u015bci"},"content":{"rendered":"\t\t<div data-elementor-type=\"wp-page\" data-elementor-id=\"424\" class=\"elementor elementor-424\">\n\t\t\t\t<div class=\"elementor-element elementor-element-4f1098f9 e-flex e-con-boxed e-con e-parent\" data-id=\"4f1098f9\" data-element_type=\"container\" data-settings=\"{&quot;jet_parallax_layout_list&quot;:[]}\">\n\t\t\t\t\t<div class=\"e-con-inner\">\n\t\t\t\t<div class=\"elementor-element elementor-element-8a6447f elementor-widget elementor-widget-text-editor\" data-id=\"8a6447f\" data-element_type=\"widget\" data-widget_type=\"text-editor.default\">\n\t\t\t\t<div class=\"elementor-widget-container\">\n\t\t\t\t\t\t\t\t\t<p><b>Polityka prywatno\u015bci strony internetowej www.ogrodowe.wieliczka.eu<\/b><\/p>\n<p><!-- \/wp:paragraph --><\/p>\n<p><!-- wp:paragraph --><\/p>\n<p>Data wej\u015bcia w \u017cycie: 1.03.2024<\/p>\n<p><!-- \/wp:paragraph --><\/p>\n<p><!-- wp:paragraph --><\/p>\n<p align=\"justify\"><b>Niniejsza polityka prywatno\u015bci opisuje, w jaki spos\u00f3b zbieramy, przetwarzamy i chronimy Twoje dane osobowe zgodnie z najnowszymi wymaganiami dotycz\u0105cymi ochrony prywatno\u015bci. Prosimy o dok\u0142adne zapoznanie si\u0119 z poni\u017cszymi informacjami, aby zrozumie\u0107 nasze podej\u015bcie do gromadzenia i wykorzystywania Twoich danych.<\/b><\/p>\n<p><!-- \/wp:paragraph --><\/p>\t\t\t\t\t\t\t\t<\/div>\n\t\t\t\t<\/div>\n\t\t\t\t<div class=\"elementor-element elementor-element-3fa925e5 elementor-widget elementor-widget-text-editor\" data-id=\"3fa925e5\" data-element_type=\"widget\" data-widget_type=\"text-editor.default\">\n\t\t\t\t<div class=\"elementor-widget-container\">\n\t\t\t\t\t\t\t\t\t<!-- wp:paragraph -->\n<h3>1. Zbieranie informacji osobowych:<\/h3>\n<!-- \/wp:paragraph -->\n\n<!-- wp:paragraph -->\n<p align=\"justify\"><b>a.<\/b> Podczas korzystania z naszej strony internetowej, mo\u017cemy gromadzi\u0107 dane osobowe, takie jak imi\u0119, nazwisko, adres e-mail, numer telefonu, a tak\u017ce informacje automatycznie zbierane, takie jak adres IP, rodzaj przegl\u0105darki, dane o sprz\u0119cie, itp.<\/p>\n<!-- \/wp:paragraph -->\n\n<!-- wp:paragraph -->\n<p align=\"justify\"><b>b.<\/b> Dane te mog\u0105 by\u0107 zbierane poprzez formularze kontaktowe, subskrypcyjne, pliki cookie oraz inne technologie \u015bledzenia.<\/p>\n<!-- \/wp:paragraph -->\t\t\t\t\t\t\t\t<\/div>\n\t\t\t\t<\/div>\n\t\t\t\t<div class=\"elementor-element elementor-element-6886b9cc elementor-widget elementor-widget-text-editor\" data-id=\"6886b9cc\" data-element_type=\"widget\" data-widget_type=\"text-editor.default\">\n\t\t\t\t<div class=\"elementor-widget-container\">\n\t\t\t\t\t\t\t\t\t<!-- wp:paragraph -->\n<h3>2. Cel zbierania danych:<\/h3>\n<!-- \/wp:paragraph -->\n\n<!-- wp:paragraph -->\n<p align=\"justify\"><b>a.<\/b> Dane osobowe s\u0105 zbierane w celu umo\u017cliwienia skutecznej komunikacji, \u015bwiadczenia us\u0142ug, dostosowania tre\u015bci strony do Twoich preferencji, analizy ruchu na stronie oraz prowadzenia dzia\u0142a\u0144 marketingowych.<\/p>\n<!-- \/wp:paragraph -->\n\n<!-- wp:paragraph -->\n<p align=\"justify\"><b>b.<\/b> Automatycznie zbierane informacje s\u0105 wykorzystywane w celu monitorowania jako\u015bci us\u0142ug, analizy trend\u00f3w, zarz\u0105dzania witryn\u0105 oraz poprawy do\u015bwiadczenia u\u017cytkownika.<\/p>\n<!-- \/wp:paragraph -->\t\t\t\t\t\t\t\t<\/div>\n\t\t\t\t<\/div>\n\t\t\t\t<div class=\"elementor-element elementor-element-388dc545 elementor-widget elementor-widget-text-editor\" data-id=\"388dc545\" data-element_type=\"widget\" data-widget_type=\"text-editor.default\">\n\t\t\t\t<div class=\"elementor-widget-container\">\n\t\t\t\t\t\t\t\t\t<!-- wp:paragraph -->\n<h3>3. Udost\u0119pnianie informacji osobom trzecim:<\/h3>\n<!-- \/wp:paragraph -->\n\n<!-- wp:paragraph -->\n<p align=\"justify\"><b>a.<\/b> Twoje dane osobowe nie s\u0105 udost\u0119pniane osobom trzecim bez Twojej zgody, chyba \u017ce jest to niezb\u0119dne do \u015bwiadczenia us\u0142ug, spe\u0142nienia zobowi\u0105za\u0144 prawnych, ochrony naszych praw lub w przypadku wsp\u00f3\u0142pracy z partnerami biznesowymi.<\/p>\n<!-- \/wp:paragraph -->\t\t\t\t\t\t\t\t<\/div>\n\t\t\t\t<\/div>\n\t\t\t\t<div class=\"elementor-element elementor-element-7a18062a elementor-widget elementor-widget-text-editor\" data-id=\"7a18062a\" data-element_type=\"widget\" data-widget_type=\"text-editor.default\">\n\t\t\t\t<div class=\"elementor-widget-container\">\n\t\t\t\t\t\t\t\t\t<!-- wp:paragraph -->\n<h3>4. Pliki cookie i inne technologie \u015bledzenia:<\/h3>\n<!-- \/wp:paragraph -->\n\n<!-- wp:paragraph -->\n<p align=\"justify\"><b>a.<\/b> Strona www.ogrodowe.wieliczka.eu mo\u017ce korzysta\u0107 z plik\u00f3w cookie i innych technologii \u015bledzenia w celu poprawy dzia\u0142ania witryny, analizy ruchu oraz dostarczania spersonalizowanych tre\u015bci. Mo\u017cesz zarz\u0105dza\u0107 ustawieniami plik\u00f3w cookie w swojej przegl\u0105darce.<\/p>\n<!-- \/wp:paragraph -->\t\t\t\t\t\t\t\t<\/div>\n\t\t\t\t<\/div>\n\t\t\t\t<div class=\"elementor-element elementor-element-b9c3416 elementor-widget elementor-widget-text-editor\" data-id=\"b9c3416\" data-element_type=\"widget\" data-widget_type=\"text-editor.default\">\n\t\t\t\t<div class=\"elementor-widget-container\">\n\t\t\t\t\t\t\t\t\t<!-- wp:paragraph -->\n<h3>5. Bezpiecze\u0144stwo danych:<\/h3>\n<!-- \/wp:paragraph -->\n\n<!-- wp:paragraph -->\n<p align=\"justify\"><b>a.<\/b> Wdro\u017cyli\u015bmy odpowiednie \u015brodki bezpiecze\u0144stwa, aby chroni\u0107 Twoje dane osobowe przed nieautoryzowanym dost\u0119pem, utrat\u0105 lub ujawnieniem.<\/p>\n<!-- \/wp:paragraph -->\t\t\t\t\t\t\t\t<\/div>\n\t\t\t\t<\/div>\n\t\t\t\t<div class=\"elementor-element elementor-element-6ea4de59 elementor-widget elementor-widget-text-editor\" data-id=\"6ea4de59\" data-element_type=\"widget\" data-widget_type=\"text-editor.default\">\n\t\t\t\t<div class=\"elementor-widget-container\">\n\t\t\t\t\t\t\t\t\t<!-- wp:paragraph -->\n<h3>6. Twoje prawa:<\/h3>\n<!-- \/wp:paragraph -->\n\n<!-- wp:paragraph -->\n<p align=\"justify\"><b>a.<\/b> Masz prawo dost\u0119pu, poprawiania, usuwania, przenoszenia lub ograniczania przetwarzania swoich danych osobowych. Mo\u017cesz r\u00f3wnie\u017c wycofa\u0107 zgod\u0119 na przetwarzanie danych w dowolnym momencie.<\/p>\n<!-- \/wp:paragraph -->\t\t\t\t\t\t\t\t<\/div>\n\t\t\t\t<\/div>\n\t\t\t\t<div class=\"elementor-element elementor-element-77b5f4ca elementor-widget elementor-widget-text-editor\" data-id=\"77b5f4ca\" data-element_type=\"widget\" data-widget_type=\"text-editor.default\">\n\t\t\t\t<div class=\"elementor-widget-container\">\n\t\t\t\t\t\t\t\t\t<!-- wp:paragraph -->\n<h3>7. Kontakt:<\/h3>\n<!-- \/wp:paragraph -->\n\n<!-- wp:paragraph -->\n<p align=\"justify\"><b>a.<\/b> W przypadku pyta\u0144 dotycz\u0105cych polityki prywatno\u015bci lub przetwarzania danych osobowych, skontaktuj si\u0119 z nami pod adresem ogrodowe@soltys.wieliczka.eu<\/p>\n<!-- \/wp:paragraph -->\t\t\t\t\t\t\t\t<\/div>\n\t\t\t\t<\/div>\n\t\t\t\t<div class=\"elementor-element elementor-element-f86e1fc elementor-widget elementor-widget-text-editor\" data-id=\"f86e1fc\" data-element_type=\"widget\" data-widget_type=\"text-editor.default\">\n\t\t\t\t<div class=\"elementor-widget-container\">\n\t\t\t\t\t\t\t\t\t<!-- wp:paragraph -->\n<p align=\"justify\">Niniejsza polityka prywatno\u015bci jest zgodna z najnowszymi wymaganiami dotycz\u0105cymi ochrony danych osobowych i mo\u017ce podlega\u0107 aktualizacjom. Zalecamy regularne sprawdzanie naszej strony w celu zapoznania si\u0119 z najnowszymi informacjami.<\/p>\n<!-- \/wp:paragraph -->\n\n<!-- wp:paragraph -->\n<p align=\"justify\">Dzi\u0119kujemy za korzystanie z www.ogrodowe.wieliczka.eu<\/p>\n<!-- \/wp:paragraph -->\t\t\t\t\t\t\t\t<\/div>\n\t\t\t\t<\/div>\n\t\t\t\t<div class=\"elementor-element elementor-element-815cd70 elementor-align-center elementor-widget elementor-widget-raven-button\" data-id=\"815cd70\" data-element_type=\"widget\" data-settings=\"{&quot;turn_to_popup_action_button&quot;:&quot;no&quot;}\" data-widget_type=\"raven-button.default\">\n\t\t\t\t<div class=\"elementor-widget-container\">\n\t\t\t\t\t\t\t<div class=\"raven-widget-wrapper\">\r\n\t\t\t<a class=\"raven-button raven-button-widget-normal-effect-none elementor-button raven-button-text-align-center raven-button-link elementor-animation-none\" href=\"http:\/\/ogrodowe.wieliczka.eu\/\">\t\t\t\t<div class=\"raven-button-overlay\" ><\/div>\r\n\t\t\t\t<span class=\"raven-button-content\">\r\n\t\t\t\t\t\r\n\t\t\t\t\t<div class=\"button-text-container\">\r\n\t\t\t\t\t\t\t\t\t\t\t\t<div class=\"raven-button-texts-wrapper\">\r\n\t\t\t\t\t\t\t<div class=\"button-text\">\r\n\t\t\t\t\t\t\t\t<span class=\"raven-button-text\">\r\n\t\t\t\t\t\t\t\t\tStrona g\u0142\u00f3wna\t\t\t\t\t\t\t\t<\/span>\r\n\t\t\t\t\t\t\t<\/div>\r\n\t\t\t\t\t\t\t\t\t\t\t\t\t<\/div>\r\n\t\t\t\t\t\t\t\t\t\t\t<\/div>\r\n\t\t\t\t\t\r\n\t\t\t\t\t\t\t\t\t<\/span>\r\n\t\t\t<\/a>\t\t<\/div>\r\n\t\t\t\t\t\t<\/div>\n\t\t\t\t<\/div>\n\t\t\t\t\t<\/div>\n\t\t\t\t<\/div>\n\t\t\t\t<\/div>\n\t\t","protected":false},"excerpt":{"rendered":"<p>Polityka prywatno\u015bci strony internetowej www.ogrodowe.wieliczka.eu Data wej\u015bcia w \u017cycie: 1.03.2024 Niniejsza polityka prywatno\u015bci opisuje, w jaki spos\u00f3b zbieramy, przetwarzamy i chronimy Twoje dane osobowe zgodnie z najnowszymi wymaganiami dotycz\u0105cymi ochrony prywatno\u015bci. Prosimy o dok\u0142adne zapoznanie si\u0119 z poni\u017cszymi informacjami, aby zrozumie\u0107 nasze podej\u015bcie do gromadzenia i wykorzystywania Twoich danych. 1. Zbieranie informacji osobowych: a. Podczas [&hellip;]<\/p>\n","protected":false},"author":1,"featured_media":0,"parent":0,"menu_order":0,"comment_status":"closed","ping_status":"closed","template":"","meta":{"_acf_changed":false,"footnotes":""},"class_list":["post-424","page","type-page","status-publish","hentry"],"acf":[],"_links":{"self":[{"href":"http:\/\/ogrodowe.wieliczka.eu\/index.php\/wp-json\/wp\/v2\/pages\/424","targetHints":{"allow":["GET"]}}],"collection":[{"href":"http:\/\/ogrodowe.wieliczka.eu\/index.php\/wp-json\/wp\/v2\/pages"}],"about":[{"href":"http:\/\/ogrodowe.wieliczka.eu\/index.php\/wp-json\/wp\/v2\/types\/page"}],"author":[{"embeddable":true,"href":"http:\/\/ogrodowe.wieliczka.eu\/index.php\/wp-json\/wp\/v2\/users\/1"}],"replies":[{"embeddable":true,"href":"http:\/\/ogrodowe.wieliczka.eu\/index.php\/wp-json\/wp\/v2\/comments?post=424"}],"version-history":[{"count":7,"href":"http:\/\/ogrodowe.wieliczka.eu\/index.php\/wp-json\/wp\/v2\/pages\/424\/revisions"}],"predecessor-version":[{"id":627,"href":"http:\/\/ogrodowe.wieliczka.eu\/index.php\/wp-json\/wp\/v2\/pages\/424\/revisions\/627"}],"wp:attachment":[{"href":"http:\/\/ogrodowe.wieliczka.eu\/index.php\/wp-json\/wp\/v2\/media?parent=424"}],"curies":[{"name":"wp","href":"https:\/\/api.w.org\/{rel}","templated":true}]}}